{"id":226,"date":"2020-12-08T12:20:53","date_gmt":"2020-12-08T12:20:53","guid":{"rendered":"http:\/\/marion-endres.de\/?page_id=226"},"modified":"2025-03-02T15:06:58","modified_gmt":"2025-03-02T15:06:58","slug":"online-zuhause-in-dir","status":"publish","type":"page","link":"http:\/\/marion-endres.de\/?page_id=226","title":{"rendered":"Intuitive Inspiration als Impuls f\u00fcr Ihren Wachstum"},"content":{"rendered":"\n<p>Akasha Reading &amp; F\u00fchrung \u2013 Intuition als Schl\u00fcssel zum Erfolg.<\/p>\n\n\n\n<p>Die Akasha-Chronik wird als das universelle Ged\u00e4chtnis beschrieben \u2013 eine Quelle tiefen Wissens \u00fcber Vergangenheit, Gegenwart und Zukunft. Klingt f\u00fcr manche vielleicht \u201ezu esoterisch\u201c \u2013 aber echte F\u00fchrung bedeutet, neue Perspektiven zuzulassen.<\/p>\n\n\n\n<p>Meine Intuition gibt Ihnen Klarheit \u00fcber Potenziale, Blockaden und n\u00e4chste Schritte. In einer Welt voller Daten und Druck brauchen F\u00fchrungskr\u00e4fte mehr als Strategie \u2013 sie brauchen innere Ausrichtung, Energie und intuitive Entscheidungsst\u00e4rke.<\/p>\n\n\n\n<p>Erleben Sie, wie intuitive F\u00fchrung und Business-Erfolg zusammenwirken \u2013 f\u00fcr mehr Klarheit, Wirkung und nachhaltigen Erfolg.<\/p>\n\n\n\n<p>Impulse and go on <\/p>\n\n\n\n<figure class=\"wp-block-image size-large\"><img loading=\"lazy\" width=\"1024\" height=\"1024\" src=\"http:\/\/marion-endres.de\/wp-content\/uploads\/2020\/09\/IMG_9062-1-e1602408879333-1024x1024.jpg\" alt=\"\" class=\"wp-image-180\" srcset=\"http:\/\/marion-endres.de\/wp-content\/uploads\/2020\/09\/IMG_9062-1-e1602408879333-1024x1024.jpg 1024w, http:\/\/marion-endres.de\/wp-content\/uploads\/2020\/09\/IMG_9062-1-e1602408879333-150x150.jpg 150w, http:\/\/marion-endres.de\/wp-content\/uploads\/2020\/09\/IMG_9062-1-e1602408879333-300x300.jpg 300w, http:\/\/marion-endres.de\/wp-content\/uploads\/2020\/09\/IMG_9062-1-e1602408879333-768x768.jpg 768w, http:\/\/marion-endres.de\/wp-content\/uploads\/2020\/09\/IMG_9062-1-e1602408879333-1536x1536.jpg 1536w, http:\/\/marion-endres.de\/wp-content\/uploads\/2020\/09\/IMG_9062-1-e1602408879333-2048x2048.jpg 2048w\" sizes=\"(max-width: 1024px) 100vw, 1024px\" \/><\/figure>\n\n\n\n<p><\/p>\n","protected":false},"excerpt":{"rendered":"<p>Akasha Reading &amp; F\u00fchrung \u2013 Intuition als Schl\u00fcssel zum Erfolg. Die Akasha-Chronik wird als das universelle Ged\u00e4chtnis beschrieben \u2013 eine Quelle tiefen Wissens \u00fcber Vergangenheit, Gegenwart und Zukunft. Klingt f\u00fcr manche vielleicht \u201ezu esoterisch\u201c \u2013 aber echte F\u00fchrung bedeutet, neue Perspektiven zuzulassen. Meine Intuition gibt Ihnen Klarheit \u00fcber Potenziale, Blockaden&hellip; <\/p>\n","protected":false},"author":1,"featured_media":0,"parent":0,"menu_order":0,"comment_status":"closed","ping_status":"closed","template":"","meta":[],"_links":{"self":[{"href":"http:\/\/marion-endres.de\/index.php?rest_route=\/wp\/v2\/pages\/226"}],"collection":[{"href":"http:\/\/marion-endres.de\/index.php?rest_route=\/wp\/v2\/pages"}],"about":[{"href":"http:\/\/marion-endres.de\/index.php?rest_route=\/wp\/v2\/types\/page"}],"author":[{"embeddable":true,"href":"http:\/\/marion-endres.de\/index.php?rest_route=\/wp\/v2\/users\/1"}],"replies":[{"embeddable":true,"href":"http:\/\/marion-endres.de\/index.php?rest_route=%2Fwp%2Fv2%2Fcomments&post=226"}],"version-history":[{"count":8,"href":"http:\/\/marion-endres.de\/index.php?rest_route=\/wp\/v2\/pages\/226\/revisions"}],"predecessor-version":[{"id":277,"href":"http:\/\/marion-endres.de\/index.php?rest_route=\/wp\/v2\/pages\/226\/revisions\/277"}],"wp:attachment":[{"href":"http:\/\/marion-endres.de\/index.php?rest_route=%2Fwp%2Fv2%2Fmedia&parent=226"}],"curies":[{"name":"wp","href":"https:\/\/api.w.org\/{rel}","templated":true}]}}