{"id":30,"date":"2020-03-07T19:22:28","date_gmt":"2020-03-07T19:22:28","guid":{"rendered":"http:\/\/marion-endres.de\/?page_id=30"},"modified":"2023-06-28T18:28:00","modified_gmt":"2023-06-28T18:28:00","slug":"coach-me","status":"publish","type":"page","link":"http:\/\/marion-endres.de\/?page_id=30","title":{"rendered":"Coach ME"},"content":{"rendered":"\n<p><strong>&#8220;Tritt ins Feuer der Selbsterforschung. Dieses Feuer wird dich nicht verbrennen, es verbrennt nur, was du nicht bist.&#8221; (Mooji)<\/strong><\/p>\n\n\n\n<p>Die momentane Situation ist immer eine Mischung aus Erfahrungen, Eindr\u00fccken, Rahmenbedingungen und der Beurteilung unseres Geistes. <\/p>\n\n\n\n<p>Daraus entstehen Situationen und Emotionen, denen wir nicht hilflos ausgeliefert sind. Mentale St\u00e4rke und ein zufriedenes Leben sind mittels Mentaltraining und dem Aufdecken und L\u00f6sen systemischer Verstrickungen, Zusammenh\u00e4ngen und Glaubenss\u00e4tzen erreichbar. <\/p>\n\n\n\n<p>Die Frage ist nur: Wem oder was gebe ich Energie? <\/p>\n\n\n\n<p>Mit verschiedenen Tools und M\u00f6glichkeiten unterst\u00fctze und begleite ich Sie in ihrem Prozess. Mein Anliegen ist es Ihnen schnell und einfach zu helfen, bzw. Ihnen das n\u00f6tige Werkzeug mitzugeben, damit sich Ihr Leben sp\u00fcrbar positiv ver\u00e4ndert. <\/p>\n\n\n\n<p><\/p>\n","protected":false},"excerpt":{"rendered":"<p>&#8220;Tritt ins Feuer der Selbsterforschung. Dieses Feuer wird dich nicht verbrennen, es verbrennt nur, was du nicht bist.&#8221; (Mooji) Die momentane Situation ist immer eine Mischung aus Erfahrungen, Eindr\u00fccken, Rahmenbedingungen und der Beurteilung unseres Geistes. Daraus entstehen Situationen und Emotionen, denen wir nicht hilflos ausgeliefert sind. Mentale St\u00e4rke und ein&hellip; <\/p>\n","protected":false},"author":1,"featured_media":0,"parent":0,"menu_order":0,"comment_status":"closed","ping_status":"closed","template":"","meta":[],"_links":{"self":[{"href":"http:\/\/marion-endres.de\/index.php?rest_route=\/wp\/v2\/pages\/30"}],"collection":[{"href":"http:\/\/marion-endres.de\/index.php?rest_route=\/wp\/v2\/pages"}],"about":[{"href":"http:\/\/marion-endres.de\/index.php?rest_route=\/wp\/v2\/types\/page"}],"author":[{"embeddable":true,"href":"http:\/\/marion-endres.de\/index.php?rest_route=\/wp\/v2\/users\/1"}],"replies":[{"embeddable":true,"href":"http:\/\/marion-endres.de\/index.php?rest_route=%2Fwp%2Fv2%2Fcomments&post=30"}],"version-history":[{"count":8,"href":"http:\/\/marion-endres.de\/index.php?rest_route=\/wp\/v2\/pages\/30\/revisions"}],"predecessor-version":[{"id":258,"href":"http:\/\/marion-endres.de\/index.php?rest_route=\/wp\/v2\/pages\/30\/revisions\/258"}],"wp:attachment":[{"href":"http:\/\/marion-endres.de\/index.php?rest_route=%2Fwp%2Fv2%2Fmedia&parent=30"}],"curies":[{"name":"wp","href":"https:\/\/api.w.org\/{rel}","templated":true}]}}