{"id":32,"date":"2020-03-07T19:22:28","date_gmt":"2020-03-07T19:22:28","guid":{"rendered":"http:\/\/marion-endres.de\/?page_id=32"},"modified":"2025-03-10T10:17:30","modified_gmt":"2025-03-10T10:17:30","slug":"make-me-healthy","status":"publish","type":"page","link":"http:\/\/marion-endres.de\/?page_id=32","title":{"rendered":"Make ME healthy"},"content":{"rendered":"\n<p><strong>&#8220;Lachen ist eine k\u00f6rperliche \u00dcbung von gro\u00dfem Wert f\u00fcr die Gesundheit.&#8221; (Aristoteles)<\/strong><\/p>\n\n\n\n<p><strong>Ganzheitliche Gesundheit f\u00fcr nachhaltigen Erfolg<\/strong><\/p>\n\n\n\n<p>Was hat Ihre F\u00fchrung mit n\u00e4hrstoffreicher, bewusster Ern\u00e4hrung, Energie und Bewegung zu tun? Alles.<\/p>\n\n\n\n<p>Wahre Gesundheit ist die Basis f\u00fcr Spitzenleistung \u2013 k\u00f6rperlich, mental und beruflich. Ayurveda bietet z.B. einen individuellen Ansatz, um Balance und Vitalit\u00e4t zu f\u00f6rdern. Aber auch jede andere Form von bewusster Ern\u00e4hrung und gezieltem Energiemanagement st\u00e4rken nicht nur Ihr Wohlbefinden, sondern auch Ihre Leistungsf\u00e4higkeit.<\/p>\n\n\n\n<p>Erfolgreiche F\u00fchrung beginnt bei Ihnen selbst. Wer Klarheit, Energie und innere Stabilit\u00e4t hat, kann andere inspirieren und nachhaltige Ver\u00e4nderungen bewirken. Investieren Sie in Ihre Gesundheit \u2013 f\u00fcr mehr Erfolg, Resilienz und Lebensqualit\u00e4t.<\/p>\n","protected":false},"excerpt":{"rendered":"<p>&#8220;Lachen ist eine k\u00f6rperliche \u00dcbung von gro\u00dfem Wert f\u00fcr die Gesundheit.&#8221; (Aristoteles) Ganzheitliche Gesundheit f\u00fcr nachhaltigen Erfolg Was hat Ihre F\u00fchrung mit n\u00e4hrstoffreicher, bewusster Ern\u00e4hrung, Energie und Bewegung zu tun? Alles. Wahre Gesundheit ist die Basis f\u00fcr Spitzenleistung \u2013 k\u00f6rperlich, mental und beruflich. Ayurveda bietet z.B. einen individuellen Ansatz, um&hellip; <\/p>\n","protected":false},"author":1,"featured_media":0,"parent":0,"menu_order":0,"comment_status":"closed","ping_status":"closed","template":"","meta":[],"_links":{"self":[{"href":"http:\/\/marion-endres.de\/index.php?rest_route=\/wp\/v2\/pages\/32"}],"collection":[{"href":"http:\/\/marion-endres.de\/index.php?rest_route=\/wp\/v2\/pages"}],"about":[{"href":"http:\/\/marion-endres.de\/index.php?rest_route=\/wp\/v2\/types\/page"}],"author":[{"embeddable":true,"href":"http:\/\/marion-endres.de\/index.php?rest_route=\/wp\/v2\/users\/1"}],"replies":[{"embeddable":true,"href":"http:\/\/marion-endres.de\/index.php?rest_route=%2Fwp%2Fv2%2Fcomments&post=32"}],"version-history":[{"count":8,"href":"http:\/\/marion-endres.de\/index.php?rest_route=\/wp\/v2\/pages\/32\/revisions"}],"predecessor-version":[{"id":286,"href":"http:\/\/marion-endres.de\/index.php?rest_route=\/wp\/v2\/pages\/32\/revisions\/286"}],"wp:attachment":[{"href":"http:\/\/marion-endres.de\/index.php?rest_route=%2Fwp%2Fv2%2Fmedia&parent=32"}],"curies":[{"name":"wp","href":"https:\/\/api.w.org\/{rel}","templated":true}]}}