{"id":34,"date":"2020-03-01T19:22:00","date_gmt":"2020-03-01T19:22:00","guid":{"rendered":"http:\/\/marion-endres.de\/?page_id=34"},"modified":"2026-03-09T09:14:18","modified_gmt":"2026-03-09T09:14:18","slug":"seminar-vortraege","status":"publish","type":"page","link":"http:\/\/marion-endres.de\/?page_id=34","title":{"rendered":"Angebote"},"content":{"rendered":"\n<p><strong>Workshops, Impulsvortr\u00e4ge, Workshops im Rahmen von Gesundheitstagen, Teamtrainings<\/strong><\/p>\n\n\n\n<p>F\u00fchrung ohne Z\u00fcgel: Was bedeutet F\u00fchrung in der heutigen Zeit?<\/p>\n\n\n\n<p>F\u00fchrung mit Energie &#8211; Energiezentren als Schl\u00fcssel zu echter Leadership<\/p>\n\n\n\n<p>Mentale St\u00e4rke im Arbeitsalltag &#8211; Energie statt Ersch\u00f6pfung<\/p>\n\n\n\n<p>Teamentwicklung, St\u00e4rken, Charaktere und Potentiale eines Teams<\/p>\n\n\n\n<p>Kommunikationskultur im Team entwickeln und leben<\/p>\n\n\n\n<p>Modernes Mentaltraining: Entspannungsmethoden und Mental Relax, Blockaden abbauen, Zielvisionen und Energieaufbau<\/p>\n\n\n\n<p>Gesunder Lifestyle mit Ayurveda, n\u00e4hrstoffreicher Ern\u00e4hrung und Entgiftung <\/p>\n\n\n\n<p><\/p>\n\n\n\n<p><strong>Einzelcoaching f\u00fcr vision\u00e4re F\u00fchrungskr\u00e4fte, Unternehmer und Wegbereiter<\/strong><\/p>\n\n\n\n<p><strong>VIP Coaching Tag: <\/strong>Durchbrechen Sie Ihre Blockaden &amp; Steigern Sie Ihre Energie als F\u00fchrungskraft<\/p>\n\n\n\n<p>Sie sind eine F\u00fchrungskraft oder Unternehmer:in und m\u00f6chten auf einem neuen Level wirken, doch innere Blockaden oder alte Muster halten Sie zur\u00fcck?<\/p>\n\n\n\n<p>Wahre Transformation beginnt von innen. Ihr Verstand, Ihre Energie und Ihr Unterbewusstsein bestimmen, was Sie anziehen und wie Sie f\u00fchren.<\/p>\n\n\n\n<p>In meinem exklusiven 1:1 VIP-Coaching-Tag (pers\u00f6nlich oder online) werden wir tief sitzende Blockaden l\u00f6sen, Ihre Energie in Balance bringen und Ihr volles Potenzial aktivieren.<\/p>\n\n\n\n<p><strong>Was Sie erwartet:<\/strong> <\/p>\n\n\n\n<ul><li>Schattenarbeit \u2013 Erkennen und transformieren Sie unbewusste Muster, die Sie limitieren.<\/li><\/ul>\n\n\n\n<ul><li>Mindshift-Techniken \u2013 Lernen Sie, Ihre Realit\u00e4t bewusst zu gestalten.<\/li><\/ul>\n\n\n\n<ul><li>Energiearbeit &amp; Chakren Ausrichtung \u2013 L\u00f6sen Sie blockierte Energie f\u00fcr mehr Klarheit &amp; innere St\u00e4rke.<\/li><\/ul>\n\n\n\n<ul><li>Deep Dive in Ihre Transformation \u2013 Ma\u00dfgeschneiderte \u00dcbungen und Rituale f\u00fcr nachhaltige Ver\u00e4nderung.<\/li><\/ul>\n\n\n\n<p><strong>4 Wochen Nachbetreuung f\u00fcr nachhaltige Transformation<\/strong><\/p>\n\n\n\n<p>Ein Coaching-Tag allein kann bahnbrechend sein \u2013 doch echte Ver\u00e4nderung passiert im Alltag. Deshalb begleite ich Sie nach unserem VIP-Tag intensiv f\u00fcr vier Wochen:<\/p>\n\n\n\n<ul><li>W\u00f6chentliche Check-ins (per Sprachnachricht oder Zoom, ca. 30 Min) \u2013 Reflexion &amp; Feinjustierung Ihrer Transformation.<\/li><\/ul>\n\n\n\n<ul><li>WhatsApp-\/Telegram-Support \u2013 Ich bin f\u00fcr Sie da, wenn Fragen oder Herausforderungen auftauchen.<\/li><\/ul>\n\n\n\n<ul><li>Individuelle Impulse &amp; \u00dcbungen \u2013 Ma\u00dfgeschneiderte Techniken, die Sie weiter st\u00e4rken.<\/li><\/ul>\n\n\n\n<ul><li>Finale Abschluss-Session (60 Min, via Zoom oder Telefon) \u2013 Reflexion, Feinschliff &amp; Integration der neuen Energie in Ihren Alltag.<\/li><\/ul>\n\n\n\n<p><strong>Das Ergebnis:<\/strong><\/p>\n\n\n\n<ul><li>Sie f\u00fchlen sich kraftvoll, klar und souver\u00e4n in Ihrer F\u00fchrungsrolle.<\/li><\/ul>\n\n\n\n<ul><li>Ihre Energie zieht automatisch die richtigen Menschen &amp; Chancen an.<\/li><\/ul>\n\n\n\n<ul><li>Sie f\u00fchren mit mehr Leichtigkeit, Intuition und innerer St\u00e4rke.<\/li><\/ul>\n\n\n\n<p><strong>1 Tag \u2013 ein radikaler Shift f\u00fcr Ihre pers\u00f6nliche &amp; berufliche Zukunft.<\/strong><\/p>\n","protected":false},"excerpt":{"rendered":"<p>Workshops, Impulsvortr\u00e4ge, Workshops im Rahmen von Gesundheitstagen, Teamtrainings F\u00fchrung ohne Z\u00fcgel: Was bedeutet F\u00fchrung in der heutigen Zeit? F\u00fchrung mit Energie &#8211; Energiezentren als Schl\u00fcssel zu echter Leadership Mentale St\u00e4rke im Arbeitsalltag &#8211; Energie statt Ersch\u00f6pfung Teamentwicklung, St\u00e4rken, Charaktere und Potentiale eines Teams Kommunikationskultur im Team entwickeln und leben Modernes&hellip; <\/p>\n","protected":false},"author":1,"featured_media":0,"parent":0,"menu_order":0,"comment_status":"closed","ping_status":"closed","template":"","meta":[],"_links":{"self":[{"href":"http:\/\/marion-endres.de\/index.php?rest_route=\/wp\/v2\/pages\/34"}],"collection":[{"href":"http:\/\/marion-endres.de\/index.php?rest_route=\/wp\/v2\/pages"}],"about":[{"href":"http:\/\/marion-endres.de\/index.php?rest_route=\/wp\/v2\/types\/page"}],"author":[{"embeddable":true,"href":"http:\/\/marion-endres.de\/index.php?rest_route=\/wp\/v2\/users\/1"}],"replies":[{"embeddable":true,"href":"http:\/\/marion-endres.de\/index.php?rest_route=%2Fwp%2Fv2%2Fcomments&post=34"}],"version-history":[{"count":19,"href":"http:\/\/marion-endres.de\/index.php?rest_route=\/wp\/v2\/pages\/34\/revisions"}],"predecessor-version":[{"id":298,"href":"http:\/\/marion-endres.de\/index.php?rest_route=\/wp\/v2\/pages\/34\/revisions\/298"}],"wp:attachment":[{"href":"http:\/\/marion-endres.de\/index.php?rest_route=%2Fwp%2Fv2%2Fmedia&parent=34"}],"curies":[{"name":"wp","href":"https:\/\/api.w.org\/{rel}","templated":true}]}}