{"id":99,"date":"2020-03-09T19:01:09","date_gmt":"2020-03-09T19:01:09","guid":{"rendered":"http:\/\/marion-endres.de\/?page_id=99"},"modified":"2026-03-09T10:43:38","modified_gmt":"2026-03-09T10:43:38","slug":"blog-me","status":"publish","type":"page","link":"http:\/\/marion-endres.de\/?page_id=99","title":{"rendered":"Team ME"},"content":{"rendered":"\n<p><strong>&#8220;Ein starkes Team entsteht, wenn jeder seine Kraft einbringt und alle gemeinsam \u00fcber sich hinauswachsen.&#8221;<\/strong><\/p>\n\n\n\n<p>Teams sind das Herz jeder Organisation. In meinen Workshops geht es nicht um theoretische Konzepte, sondern um praxisnahe, sp\u00fcrbare Entwicklung, die Zusammenhalt, Motivation und Leistungsf\u00e4higkeit steigern.<\/p>\n\n\n\n<p>Gleichzeitig unterst\u00fctze ich die Teammitglieder dabei, sich selbst wohlf\u00fchlen, ihre Energie zu bewahren und gesund im Arbeitsalltag zu bleiben. <\/p>\n\n\n\n<p>So entsteht ein Team, das nicht nur effizient arbeitet, sondern auch kreativ, resilient und inspiriert zusammenwirkt. <\/p>\n\n\n\n<p>Wenn Ihr Team bereit ist, gemeinsam Potentiale zu entfalten, Herausforderungen souver\u00e4n zu meistern und dabei Energie und Freude zu bewahren, dann lassen Sie uns sprechen. <\/p>\n","protected":false},"excerpt":{"rendered":"<p>&#8220;Ein starkes Team entsteht, wenn jeder seine Kraft einbringt und alle gemeinsam \u00fcber sich hinauswachsen.&#8221; Teams sind das Herz jeder Organisation. In meinen Workshops geht es nicht um theoretische Konzepte, sondern um praxisnahe, sp\u00fcrbare Entwicklung, die Zusammenhalt, Motivation und Leistungsf\u00e4higkeit steigern. Gleichzeitig unterst\u00fctze ich die Teammitglieder dabei, sich selbst wohlf\u00fchlen,&hellip; <\/p>\n","protected":false},"author":1,"featured_media":0,"parent":0,"menu_order":0,"comment_status":"closed","ping_status":"closed","template":"","meta":[],"_links":{"self":[{"href":"http:\/\/marion-endres.de\/index.php?rest_route=\/wp\/v2\/pages\/99"}],"collection":[{"href":"http:\/\/marion-endres.de\/index.php?rest_route=\/wp\/v2\/pages"}],"about":[{"href":"http:\/\/marion-endres.de\/index.php?rest_route=\/wp\/v2\/types\/page"}],"author":[{"embeddable":true,"href":"http:\/\/marion-endres.de\/index.php?rest_route=\/wp\/v2\/users\/1"}],"replies":[{"embeddable":true,"href":"http:\/\/marion-endres.de\/index.php?rest_route=%2Fwp%2Fv2%2Fcomments&post=99"}],"version-history":[{"count":6,"href":"http:\/\/marion-endres.de\/index.php?rest_route=\/wp\/v2\/pages\/99\/revisions"}],"predecessor-version":[{"id":306,"href":"http:\/\/marion-endres.de\/index.php?rest_route=\/wp\/v2\/pages\/99\/revisions\/306"}],"wp:attachment":[{"href":"http:\/\/marion-endres.de\/index.php?rest_route=%2Fwp%2Fv2%2Fmedia&parent=99"}],"curies":[{"name":"wp","href":"https:\/\/api.w.org\/{rel}","templated":true}]}}